{"id":12,"date":"2015-09-25T06:59:50","date_gmt":"2015-09-25T06:59:50","guid":{"rendered":"http:\/\/korunacv.cz\/?page_id=12"},"modified":"2026-04-17T10:26:14","modified_gmt":"2026-04-17T09:26:14","slug":"jidelnicek","status":"publish","type":"page","link":"https:\/\/korunacv.cz\/?page_id=12","title":{"rendered":"J\u00eddeln\u00ed\u010dek"},"content":{"rendered":"<p>\u00a0<\/p>\n<p>T\u00fddenn\u00ed j\u00eddeln\u00ed\u010dek najdete tak\u00e9 na:<\/p>\n<p><a href=\"http:\/\/www.menicka.cz\">www.menicka.cz<\/a><\/p>\n<p>po otev\u0159en\u00ed str\u00e1nky zadejte &#8222;hledat&#8220;\u00a0 J\u00eddelna Koruna a objev\u00ed se v\u00e1m j\u00eddeln\u00ed\u010dek na cel\u00fd t\u00fdden.<\/p>\n<p><a href=\"http:\/\/korunacv.cz\/wp-content\/uploads\/2026\/04\/jidelnicek-13.-17.4.2026.pdf\">j\u00eddeln\u00ed\u010dek &#8211; 13.- 17.4.2026<\/a><\/p>\n<p><a href=\"http:\/\/korunacv.cz\/wp-content\/uploads\/2026\/04\/jidelnicek-20.-24.4.2026.pdf\">j\u00eddeln\u00ed\u010dek &#8211; 20.-24.4.2026<\/a><\/p>\n<p>T\u00fddenn\u00ed j\u00eddeln\u00ed\u010dek je zde:\u00a0<\/p>\n<p>V\u00e1\u017een\u00ed z\u00e1kazn\u00edci,<\/p>\n<p>n\u00edzk\u00e9 ceny na\u0161ich j\u00eddel a n\u00e1poj\u016f se n\u00e1m poda\u0159ilo udr\u017eet pouze 6 m\u011bs\u00edc\u016f. D\u00e1le je to pro n\u00e1s ekonomicky ne\u00fanosn\u00e9 zvl\u00e1\u0161\u0165 v o\u010dek\u00e1v\u00e1n\u00ed pom\u011brn\u011b velk\u00e9ho z\u00e1konn\u00e9ho zv\u00fd\u0161en\u00ed minim\u00e1ln\u00edch mezd od 1.1.2026.\u00a0 Proto od 20.10.2025 zvy\u0161ujeme ceny j\u00eddel v pr\u016fm\u011bru o 6%. Douf\u00e1me, \u017ee v\u00e1s to neodrad\u00ed a zachov\u00e1te n\u00e1m p\u0159\u00edze\u0148. D\u011bkujeme za pochopen\u00ed.<\/p>\n<p>\u00a0<\/p>\n<p>V\u00e1\u017een\u00ed z\u00e1kazn\u00edci,<\/p>\n<p>od 7.4. 2025 zvy\u0161ujeme ceny j\u00eddel , zat\u00edm zhruba o 4-8%. Sna\u017eili jsme se ceny udr\u017eet co nejd\u00e9le, ale postupn\u00e9 zdra\u017eov\u00e1n\u00ed potravin, p\u0159edev\u0161\u00edm hov\u011bz\u00edho a ku\u0159ec\u00edho masa n\u00e1m to neumo\u017e\u0148uje. D\u011bkujeme za pochopen\u00ed.<\/p>\n<p>\u00a0<\/p>\n<p>Dne 24.12.2024<\/p>\n<p>V\u00e1\u017een\u00ed z\u00e1kazn\u00edci p\u0159ejeme v\u00e1m kr\u00e1sn\u00e9 a pohodov\u00e9 sv\u00e1tky, zdrav\u00ed a \u0161t\u011bst\u00ed v nov\u00e9m roce a tak\u00e9 abyste n\u00e1m zachovali p\u0159\u00edze\u0148 v roce 2025.<\/p>\n<p>V nov\u00e9m roce otev\u00edr\u00e1me a\u017e 6.1.2025. V\u011b\u0159\u00edme, \u017ee tato del\u0161\u00ed odst\u00e1vka nebude v\u011bt\u0161in\u011b z v\u00e1s vadit. D\u011bkujeme.<\/p>\n<p>\u00a0<\/p>\n<p>Dne 28.8.2024<\/p>\n<p>V\u00e1\u017een\u00ed z\u00e1kazn\u00edci,<\/p>\n<p>doufali jsme, \u017ee dok\u00e1\u017eeme cel\u00fd rok udr\u017eet ceny nastaven\u00e9 na ja\u0159e leto\u0161n\u00edho roku, ale op\u011bt budeme muset m\u00edrn\u011b zv\u00fd\u0161it ceny. Hlavn\u00ed j\u00eddla i pol\u00e9vky zvy\u0161ujeme od z\u00e1\u0159\u00ed o 5 K\u010d, p\u0159esto budeme v Chomutov\u011b st\u00e1le pat\u0159it mezi nejlevn\u011bj\u0161\u00ed. Umo\u017en\u00ed n\u00e1m to zachovat kvalitu a velikost porc\u00ed a snad i va\u0161i st\u00e1lou p\u0159\u00edze\u0148.\u00a0 \u00a0 \u00a0 \u00a0 \u00a0 \u00a0 \u00a0 \u00a0 \u00a0 \u00a0 \u00a0 \u00a0 \u00a0 \u00a0 \u00a0 \u00a0 \u00a0 \u00a0 \u00a0 \u00a0 \u00a0 \u00a0 \u00a0 \u00a0 \u00a0 \u00a0 \u00a0 \u00a0 \u00a0 \u00a0 \u00a0 \u00a0 \u00a0 \u00a0 \u00a0 \u00a0 \u00a0 \u00a0 \u00a0 \u00a0 \u00a0 \u00a0 \u00a0 \u00a0 \u00a0 \u00a0 \u00a0 \u00a0 \u00a0 \u00a0 \u00a0 \u00a0 \u00a0 \u00a0 Dle servru www.menicka.cz m\u00e1me dnes s pr\u016fm\u011brnou cenu 114 K\u010d za hlavn\u00ed j\u00eddlo, co\u017e je v porovn\u00e1n\u00ed s pr\u016fm\u011brem v \u010cR velmi p\u0159\u00edzniv\u00e1. Snad u\u017e doch\u00e1z\u00ed ke stabilizaci cen potravin a energi\u00ed a reagovat budeme muset pouze na r\u016fst minim\u00e1ln\u00edch mez na za\u010d\u00e1tku p\u0159\u00ed\u0161t\u00edho roku.<\/p>\n<p>J\u00eddelna KORUNA<\/p>\n<p>\u00a0<\/p>\n<p>Dne 4.4.2024<\/p>\n<p><em>V\u00e1\u017een\u00ed z\u00e1kazn\u00edci,<\/em><\/p>\n<p><em>d\u011bkujeme, \u017ee n\u00e1m zachov\u00e1v\u00e1te p\u0159\u00edze\u0148 i v prvn\u00edch m\u011bs\u00edc\u00edch roku 2024. Douf\u00e1me, \u017ee tomu tak bude i po m\u00edrn\u00e9m zv\u00fd\u0161en\u00ed cen ( zhruba\u00a0 4-5%). Mus\u00edme reagovat p\u0159edev\u0161\u00edm na meziro\u010dn\u00ed zv\u00fd\u0161en\u00ed minim\u00e1ln\u00edch mezd a tak\u00e9 m\u00edrn\u00fd r\u016fst dal\u0161\u00edch n\u00e1klad\u016f. P\u0159es tuto skute\u010dnost z\u016fst\u00e1v\u00e1me v Chomutov\u011b st\u00e1le nejlevn\u011bj\u0161\u00ed a m\u016f\u017eeme zachovat kvalitu a velikost porc\u00ed.<\/em><\/p>\n<p><em>J\u00eddelna KORUNA<\/em><\/p>\n<p>Dne 29.11.2023<\/p>\n<p>V\u00e1\u017een\u00ed z\u00e1kazn\u00edci,\u00a0<\/p>\n<div dir=\"auto\">od 30.11.2023 zahajujeme ve spolupr\u00e1ci s firmou Wolt zku\u0161ebn\u00ed rozvoz j\u00eddel v oblasti Chomutova.\u00a0<\/div>\n<div dir=\"auto\">Denn\u011b budeme nab\u00edzet j\u00eddla z na\u0161\u00ed st\u00e1le nab\u00eddky, kterou budeme b\u011bhem dne dopl\u0148ovat o n\u011bkter\u00e1 j\u00eddla na\u0161\u00ed denn\u00ed nab\u00eddky. Prioritou je pro n\u00e1s st\u00e1le nab\u00eddka pro z\u00e1kazn\u00edky, kte\u0159\u00ed doch\u00e1z\u00ed na ob\u011bd do na\u0161\u00ed j\u00eddelny v Mosteck\u00e9 ulici, ale pokus\u00edme se vyhov\u011bt i popt\u00e1vce po dovozu j\u00eddel.\u00a0<\/div>\n<div dir=\"auto\">Pokud budete cht\u00edt objednat dovoz j\u00eddel, sta\u010d\u00ed st\u00e1hnout aplikaci firmy Wolt a tam u\u017e zjist\u00edte v\u0161echno, co budete pot\u0159ebovat k objedn\u00e1n\u00ed.\u00a0<\/div>\n<p>\u00a0<\/p>\n<p>Dne 14.10.2023<\/p>\n<p>V\u00e1\u017een\u00ed z\u00e1kazn\u00edci,<\/p>\n<p>velmi si v\u00e1\u017e\u00edme st\u00e1l\u00e9ho z\u00e1jmu o na\u0161\u00ed j\u00eddelnu a jsme r\u00e1di, \u017ee n\u00e1v\u0161t\u011bvnost vzrostla i v dopoledn\u00edch hodin\u00e1ch. Od 10.00 u\u017e b\u00fdv\u00e1 v j\u00eddeln\u011b ob\u010das i fronta. V d\u016fsledku toho nejsme od 10.00 schopni zaru\u010dit p\u0159eb\u00edr\u00e1n\u00ed telefonick\u00fdch a\u00a0 \u00a0 e-mailov\u00fdch objedn\u00e1vek. V\u011b\u0159\u00edme, \u017ee pochop\u00edte omezen\u00ed objedn\u00e1vkov\u00e9 doby o hodinu, tj. od 7.00 do 10.00 hodin. D\u011bkujeme.<\/p>\n\n\n<p>V\u00e1\u017een\u00ed z\u00e1kazn\u00edci,<\/p>\n\n\n\n<p>jsme r\u00e1di, \u017ee n\u00e1m zachov\u00e1v\u00e1te p\u0159\u00edze\u0148, p\u0159esto\u017ee jsme m\u00edrn\u011b zv\u00fd\u0161ili ceny. My se budeme sna\u017eit abychom udr\u017eeli kvalitu a velikost porc\u00ed.<\/p>\n\n\n\n<p>R\u00e1di bychom vy\u0159izovali va\u0161e objedn\u00e1vky v\u010das a bez chyb. Z toho d\u016fvodu v\u00e1s \u017e\u00e1d\u00e1me, abyste objedn\u00e1vali j\u00eddla ka\u017ed\u00fd den nejpozd\u011bji do 11.00. P\u0159ij\u00edm\u00e1n\u00ed telefonick\u00fdch objedn\u00e1vek v dob\u011b ob\u011bda je pro n\u00e1s provozn\u011b n\u00e1ro\u010dn\u00e9. Telefony mus\u00ed p\u0159eb\u00edrat zam\u011bstnanci, kte\u0159\u00ed potom chyb\u00ed p\u0159i v\u00fddeji j\u00eddel a zbyte\u010dn\u011b se prodlu\u017euje \u010das obslou\u017een\u00ed z\u00e1kazn\u00edk\u016f v j\u00eddeln\u011b.<\/p>\n\n\n\n<p>D\u011bkujeme za pochopen\u00ed<\/p>\n\n\n\n<p>Jaroslav K\u0159\u00ed\u010dek<\/p>\n","protected":false},"excerpt":{"rendered":"<p>\u00a0 T\u00fddenn\u00ed j\u00eddeln\u00ed\u010dek najdete tak\u00e9 na: www.menicka.cz po otev\u0159en\u00ed str\u00e1nky zadejte &#8222;hledat&#8220;\u00a0 J\u00eddelna Koruna a objev\u00ed se v\u00e1m j\u00eddeln\u00ed\u010dek na cel\u00fd t\u00fdden. j\u00eddeln\u00ed\u010dek &#8211; 13.- 17.4.2026 j\u00eddeln\u00ed\u010dek &#8211; 20.-24.4.2026 T\u00fddenn\u00ed j\u00eddeln\u00ed\u010dek je zde:\u00a0 V\u00e1\u017een\u00ed z\u00e1kazn\u00edci, n\u00edzk\u00e9 ceny na\u0161ich j\u00eddel a n\u00e1poj\u016f se n\u00e1m poda\u0159ilo udr\u017eet pouze 6 m\u011bs\u00edc\u016f. D\u00e1le je to pro n\u00e1s ekonomicky ne\u00fanosn\u00e9 [&hellip;]<\/p>\n","protected":false},"author":2,"featured_media":0,"parent":0,"menu_order":1,"comment_status":"closed","ping_status":"closed","template":"","meta":[],"_links":{"self":[{"href":"https:\/\/korunacv.cz\/index.php?rest_route=\/wp\/v2\/pages\/12"}],"collection":[{"href":"https:\/\/korunacv.cz\/index.php?rest_route=\/wp\/v2\/pages"}],"about":[{"href":"https:\/\/korunacv.cz\/index.php?rest_route=\/wp\/v2\/types\/page"}],"author":[{"embeddable":true,"href":"https:\/\/korunacv.cz\/index.php?rest_route=\/wp\/v2\/users\/2"}],"replies":[{"embeddable":true,"href":"https:\/\/korunacv.cz\/index.php?rest_route=%2Fwp%2Fv2%2Fcomments&post=12"}],"version-history":[{"count":569,"href":"https:\/\/korunacv.cz\/index.php?rest_route=\/wp\/v2\/pages\/12\/revisions"}],"predecessor-version":[{"id":1770,"href":"https:\/\/korunacv.cz\/index.php?rest_route=\/wp\/v2\/pages\/12\/revisions\/1770"}],"wp:attachment":[{"href":"https:\/\/korunacv.cz\/index.php?rest_route=%2Fwp%2Fv2%2Fmedia&parent=12"}],"curies":[{"name":"wp","href":"https:\/\/api.w.org\/{rel}","templated":true}]}}