{"id":165,"date":"2015-11-13T20:20:43","date_gmt":"2015-11-13T18:20:43","guid":{"rendered":"http:\/\/korunacv.cz\/?page_id=165"},"modified":"2025-05-12T12:39:58","modified_gmt":"2025-05-12T11:39:58","slug":"akce","status":"publish","type":"page","link":"https:\/\/korunacv.cz\/?page_id=165","title":{"rendered":"Akce"},"content":{"rendered":"<p><strong>Ka\u017edodenn\u00ed akce:\u00a0<\/strong>\u00a0 \u00a0 \u00a0Ka\u017ed\u00fd den po 13.00 hodin\u011b zlev\u0148ujeme 1 vybran\u00e9 j\u00eddlo z denn\u00ed nab\u00eddky<\/p>\n<p><strong>P\u00e1te\u010dn\u00ed akce:\u00a0<\/strong> \u00a0 \u00a0 Ka\u017ed\u00fd p\u00e1tek od 14.00 prod\u00e1v\u00e1me v\u0161echna j\u00eddla za jednotnou cenu, sleva je minim\u00e1ln\u011b 20%.<\/p>\n<p><strong>Menu:\u00a0<\/strong> \u00a0 \u00a0 \u00a0 \u00a0 \u00a0 \u00a0 \u00a0 Pol\u00e9vka spole\u010dn\u011b s hlavn\u00edm j\u00eddlem je v\u017edy levn\u011bj\u0161\u00ed, stejn\u011b jako n\u00e1poj koupen\u00fd spole\u010dn\u011b s hlavn\u00edm\u00a0 \u00a0 \u00a0 \u00a0 \u00a0 \u00a0 \u00a0 \u00a0 \u00a0 \u00a0 \u00a0 \u00a0 \u00a0 \u00a0 \u00a0 \u00a0 \u00a0 \u00a0 \u00a0j\u00eddlem.<\/p>\n<p><strong>Rozvoz:<\/strong>\u00a0 \u00a0 \u00a0 \u00a0 \u00a0 \u00a0 \u00a0V\u00fdhodn\u011bj\u0161\u00ed ceny poskytujeme firm\u00e1m a organizac\u00edm pokud odeb\u00edraj\u00ed alespo\u0148 3 j\u00eddla denn\u011b. Podrobnosti jsou na z\u00e1lo\u017ece rozvozy.<\/p>\n<h2><strong>Akce na kv\u011bten 2025 &#8211; 40% sleva pro nov\u00e9 z\u00e1kazn\u00edky.<\/strong><\/h2>\n<p>Vyzkou\u0161ejte na\u0161e slu\u017eby:\u00a0 \u00a0 \u00a0 \u00a0 \u00a0 <a href=\"http:\/\/korunacv.cz\/wp-content\/uploads\/2025\/05\/Nabidka-KORUNA-5_2025.pdf\">Nab\u00eddka KORUNA 5_2025<\/a><\/p>\n<p>\u00a0 \u00a0 \u00a0 \u00a0 \u00a0 \u00a0 \u00a0 \u00a0 \u00a0 \u00a0 \u00a0 \u00a0 \u00a0 \u00a0 \u00a0 \u00a0 \u00a0 \u00a0 \u00a0 \u00a0 \u00a0 \u00a0 \u00a0 \u00a0 \u00a0 \u00a0 \u00a0 \u00a0 \u00a0 <a href=\"http:\/\/korunacv.cz\/wp-content\/uploads\/2025\/05\/rozvoz-jidel-12.-16.5.2025.pdf\">rozvoz j\u00eddel 12.-16.5.2025<\/a><\/p>\n<p>\u00a0<\/p>\n\n\n<p><\/p>\n","protected":false},"excerpt":{"rendered":"<p>Ka\u017edodenn\u00ed akce:\u00a0\u00a0 \u00a0 \u00a0Ka\u017ed\u00fd den po 13.00 hodin\u011b zlev\u0148ujeme 1 vybran\u00e9 j\u00eddlo z denn\u00ed nab\u00eddky P\u00e1te\u010dn\u00ed akce:\u00a0 \u00a0 \u00a0 Ka\u017ed\u00fd p\u00e1tek od 14.00 prod\u00e1v\u00e1me v\u0161echna j\u00eddla za jednotnou cenu, sleva je minim\u00e1ln\u011b 20%. Menu:\u00a0 \u00a0 \u00a0 \u00a0 \u00a0 \u00a0 \u00a0 \u00a0 Pol\u00e9vka spole\u010dn\u011b s hlavn\u00edm j\u00eddlem je v\u017edy levn\u011bj\u0161\u00ed, stejn\u011b jako n\u00e1poj koupen\u00fd spole\u010dn\u011b s [&hellip;]<\/p>\n","protected":false},"author":2,"featured_media":0,"parent":0,"menu_order":3,"comment_status":"closed","ping_status":"closed","template":"","meta":[],"_links":{"self":[{"href":"https:\/\/korunacv.cz\/index.php?rest_route=\/wp\/v2\/pages\/165"}],"collection":[{"href":"https:\/\/korunacv.cz\/index.php?rest_route=\/wp\/v2\/pages"}],"about":[{"href":"https:\/\/korunacv.cz\/index.php?rest_route=\/wp\/v2\/types\/page"}],"author":[{"embeddable":true,"href":"https:\/\/korunacv.cz\/index.php?rest_route=\/wp\/v2\/users\/2"}],"replies":[{"embeddable":true,"href":"https:\/\/korunacv.cz\/index.php?rest_route=%2Fwp%2Fv2%2Fcomments&post=165"}],"version-history":[{"count":11,"href":"https:\/\/korunacv.cz\/index.php?rest_route=\/wp\/v2\/pages\/165\/revisions"}],"predecessor-version":[{"id":1647,"href":"https:\/\/korunacv.cz\/index.php?rest_route=\/wp\/v2\/pages\/165\/revisions\/1647"}],"wp:attachment":[{"href":"https:\/\/korunacv.cz\/index.php?rest_route=%2Fwp%2Fv2%2Fmedia&parent=165"}],"curies":[{"name":"wp","href":"https:\/\/api.w.org\/{rel}","templated":true}]}}