{"id":19,"date":"2015-09-25T07:22:20","date_gmt":"2015-09-25T07:22:20","guid":{"rendered":"http:\/\/korunacv.cz\/?page_id=19"},"modified":"2021-11-29T11:14:03","modified_gmt":"2021-11-29T10:14:03","slug":"uvodni-stranka","status":"publish","type":"page","link":"https:\/\/korunacv.cz\/?page_id=19","title":{"rendered":"O n\u00e1s"},"content":{"rendered":"\n<h2>&nbsp;<\/h2>\n\n\n\n<p>V\u00e1\u017een\u00ed z\u00e1kazn\u00edci,<\/p>\n\n\n\n<p class=\"has-text-align-left\"><strong>dne 1.10. 2021 jsme oslavili ji\u017e 6. v\u00fdro\u010d\u00ed vzniku.<\/strong>\u00a0Jsme \u0161est let na trhu a p\u0159es v\u0161echny probl\u00e9my se domn\u00edv\u00e1me, \u017ee ji\u017e zauj\u00edm\u00e1me pevn\u00e9 m\u00edsto mezi stravovac\u00edmi provozy v Chomutov\u011b. Jsme r\u00e1di, \u017ee k\u00a0n\u00e1m p\u0159ich\u00e1zej\u00ed st\u00e1le nov\u00ed z\u00e1kazn\u00edci, ale nejv\u00edce n\u00e1s t\u011b\u0161\u00ed p\u0159\u00edze\u0148 V\u00e1s v\u0161ech, kte\u0159\u00ed k n\u00e1m chod\u00edte pravideln\u011b.<\/p>\n\n\n\n<p><a><\/a> P\u0159esto\u017ee se sna\u017e\u00edme poskytovat ty nejlep\u0161\u00ed slu\u017eby, ne v\u017edy se n\u00e1m v\u0161e povede podle na\u0161ich p\u0159edstav. Douf\u00e1me, \u017ee se n\u00e1m st\u00e1le da\u0159\u00ed dr\u017eet solidn\u00ed standard slu\u017eeb. Mysl\u00edme si, \u017ee st\u00e1le plat\u00ed to, co jsme si p\u0159edsevzali na za\u010d\u00e1tku:<\/p>\n\n\n\n<p>\u201e<strong>Nab\u00edzet dobr\u00e9 porce tradi\u010dn\u00edch \u010desk\u00fdch j\u00eddel v&nbsp;dobr\u00e9 kvalit\u011b za dobr\u00e9 pen\u00edze\u201c.<\/strong><\/p>\n\n\n\n<p>Dobrou vizitkou je, \u017ee na\u0161e nab\u00eddka na\u00a0<strong>www.menicka.cz<\/strong>\u00a0pat\u0159\u00ed v\u00a0Chomutov\u011b k\u00a0t\u011bm nejnav\u0161t\u011bvovan\u011bj\u0161\u00edm.<\/p>\n\n\n\n<p>P\u0159e\u017eili jsme EET a snad p\u0159e\u017eijeme i v\u0161echny <strong>vlny Covidu 19<\/strong>. D\u011bl\u00e1me maximum proto, abychom mohli st\u00e1le nab\u00edzet j\u00eddla v p\u0159ijateln\u00e9 cenov\u00e9 relaci. P\u0159esto se v&nbsp;nejbli\u017e\u0161\u00ed dob\u011b nevyhneme dal\u0161\u00edmu m\u00edrn\u00e9mu zv\u00fd\u0161en\u00ed cen, p\u0159edev\u0161\u00edm v&nbsp;d\u016fsledku r\u016fstu cen potravin, energi\u00ed a mzdov\u00fdch n\u00e1klad\u016f. Douf\u00e1m, \u017ee to pochop\u00edte a zachov\u00e1te n\u00e1m p\u0159\u00edze\u0148. V\u011b\u0159\u00edme, \u017ee v&nbsp;Chomutov\u011b budeme m\u00edt&nbsp;po\u0159\u00e1d jednu z&nbsp;nejlep\u0161\u00edch nab\u00eddek.<\/p>\n\n\n\n<p>Dobrou chu\u0165 V\u00e1m p\u0159eje<\/p>\n\n\n\n<p><strong>Jaroslav K\u0159\u00ed\u010dek a kolektiv<\/strong><\/p>\n\n\n\n<h2>&nbsp;<\/h2>\n","protected":false},"excerpt":{"rendered":"<p>&nbsp; V\u00e1\u017een\u00ed z\u00e1kazn\u00edci, dne 1.10. 2021 jsme oslavili ji\u017e 6. v\u00fdro\u010d\u00ed vzniku.\u00a0Jsme \u0161est let na trhu a p\u0159es v\u0161echny probl\u00e9my se domn\u00edv\u00e1me, \u017ee ji\u017e zauj\u00edm\u00e1me pevn\u00e9 m\u00edsto mezi stravovac\u00edmi provozy v Chomutov\u011b. Jsme r\u00e1di, \u017ee k\u00a0n\u00e1m p\u0159ich\u00e1zej\u00ed st\u00e1le nov\u00ed z\u00e1kazn\u00edci, ale nejv\u00edce n\u00e1s t\u011b\u0161\u00ed p\u0159\u00edze\u0148 V\u00e1s v\u0161ech, kte\u0159\u00ed k n\u00e1m chod\u00edte pravideln\u011b. P\u0159esto\u017ee se sna\u017e\u00edme [&hellip;]<\/p>\n","protected":false},"author":2,"featured_media":0,"parent":0,"menu_order":0,"comment_status":"closed","ping_status":"closed","template":"","meta":[],"_links":{"self":[{"href":"https:\/\/korunacv.cz\/index.php?rest_route=\/wp\/v2\/pages\/19"}],"collection":[{"href":"https:\/\/korunacv.cz\/index.php?rest_route=\/wp\/v2\/pages"}],"about":[{"href":"https:\/\/korunacv.cz\/index.php?rest_route=\/wp\/v2\/types\/page"}],"author":[{"embeddable":true,"href":"https:\/\/korunacv.cz\/index.php?rest_route=\/wp\/v2\/users\/2"}],"replies":[{"embeddable":true,"href":"https:\/\/korunacv.cz\/index.php?rest_route=%2Fwp%2Fv2%2Fcomments&post=19"}],"version-history":[{"count":28,"href":"https:\/\/korunacv.cz\/index.php?rest_route=\/wp\/v2\/pages\/19\/revisions"}],"predecessor-version":[{"id":1089,"href":"https:\/\/korunacv.cz\/index.php?rest_route=\/wp\/v2\/pages\/19\/revisions\/1089"}],"wp:attachment":[{"href":"https:\/\/korunacv.cz\/index.php?rest_route=%2Fwp%2Fv2%2Fmedia&parent=19"}],"curies":[{"name":"wp","href":"https:\/\/api.w.org\/{rel}","templated":true}]}}