{"id":2,"date":"2014-08-29T12:48:08","date_gmt":"2014-08-29T10:48:08","guid":{"rendered":"http:\/\/wp.appi.pro\/domains\/wp.appi.pro\/?page_id=2"},"modified":"2016-07-05T09:06:47","modified_gmt":"2016-07-05T07:06:47","slug":"kontakt","status":"publish","type":"page","link":"https:\/\/korunacv.cz\/?page_id=2","title":{"rendered":"Kontakt"},"content":{"rendered":"<h3>Adresa<\/h3>\n<p>Mosteck\u00e1 39, 430 01 Chomutov<br \/>\ntel.: 474 332 880<br \/>\nemail: info@korunacv.cz<br \/>\nwww.korunacv.cz<\/p>\n<h3>Provozovatel<\/h3>\n<p>KORUNA Kru\u0161nohorsk\u00e1 s.r.o.<br \/>\nI\u010c: 04357426<br \/>\nMosteck\u00e1 39, 430 01 Chomutov<\/p>\n<h2><\/h2>\n","protected":false},"excerpt":{"rendered":"<p>Adresa Mosteck\u00e1 39, 430 01 Chomutov tel.: 474 332 880 email: info@korunacv.cz www.korunacv.cz Provozovatel KORUNA Kru\u0161nohorsk\u00e1 s.r.o. I\u010c: 04357426 Mosteck\u00e1 39, 430 01 Chomutov<\/p>\n","protected":false},"author":1,"featured_media":0,"parent":0,"menu_order":5,"comment_status":"closed","ping_status":"closed","template":"","meta":[],"_links":{"self":[{"href":"https:\/\/korunacv.cz\/index.php?rest_route=\/wp\/v2\/pages\/2"}],"collection":[{"href":"https:\/\/korunacv.cz\/index.php?rest_route=\/wp\/v2\/pages"}],"about":[{"href":"https:\/\/korunacv.cz\/index.php?rest_route=\/wp\/v2\/types\/page"}],"author":[{"embeddable":true,"href":"https:\/\/korunacv.cz\/index.php?rest_route=\/wp\/v2\/users\/1"}],"replies":[{"embeddable":true,"href":"https:\/\/korunacv.cz\/index.php?rest_route=%2Fwp%2Fv2%2Fcomments&post=2"}],"version-history":[{"count":33,"href":"https:\/\/korunacv.cz\/index.php?rest_route=\/wp\/v2\/pages\/2\/revisions"}],"predecessor-version":[{"id":332,"href":"https:\/\/korunacv.cz\/index.php?rest_route=\/wp\/v2\/pages\/2\/revisions\/332"}],"wp:attachment":[{"href":"https:\/\/korunacv.cz\/index.php?rest_route=%2Fwp%2Fv2%2Fmedia&parent=2"}],"curies":[{"name":"wp","href":"https:\/\/api.w.org\/{rel}","templated":true}]}}